{"id":15,"date":"2021-08-11T14:30:00","date_gmt":"2021-08-11T14:30:00","guid":{"rendered":"https:\/\/www.arvoka.fi\/?page_id=15"},"modified":"2021-08-17T06:26:37","modified_gmt":"2021-08-17T06:26:37","slug":"etusivu","status":"publish","type":"page","link":"https:\/\/www.arvoka.fi\/","title":{"rendered":"Etusivu"},"content":{"rendered":"\t\t<div data-elementor-type=\"wp-page\" data-elementor-id=\"15\" class=\"elementor elementor-15\" data-elementor-settings=\"[]\">\n\t\t\t\t\t\t\t<div class=\"elementor-section-wrap\">\n\t\t\t\t\t\t\t<section class=\"elementor-section elementor-top-section elementor-element elementor-element-3d6fefe elementor-section-boxed elementor-section-height-default elementor-section-height-default\" data-id=\"3d6fefe\" data-element_type=\"section\" data-settings=\"{&quot;background_background&quot;:&quot;slideshow&quot;,&quot;background_slideshow_gallery&quot;:[{&quot;id&quot;:125,&quot;url&quot;:&quot;https:\\\/\\\/www.arvoka.fi\\\/wp-content\\\/uploads\\\/2021\\\/08\\\/DJI_0931.jpg&quot;},{&quot;id&quot;:121,&quot;url&quot;:&quot;https:\\\/\\\/www.arvoka.fi\\\/wp-content\\\/uploads\\\/2021\\\/08\\\/60deacb9-3b55-4cea-9688-cb23ad50bbd9.jpg&quot;},{&quot;id&quot;:88,&quot;url&quot;:&quot;https:\\\/\\\/www.arvoka.fi\\\/wp-content\\\/uploads\\\/2021\\\/08\\\/IMG_6316.jpg&quot;},{&quot;id&quot;:103,&quot;url&quot;:&quot;https:\\\/\\\/www.arvoka.fi\\\/wp-content\\\/uploads\\\/2021\\\/08\\\/IMG_7953.jpg&quot;}],&quot;background_slideshow_transition_duration&quot;:1500,&quot;background_slideshow_loop&quot;:&quot;yes&quot;,&quot;background_slideshow_slide_duration&quot;:5000,&quot;background_slideshow_slide_transition&quot;:&quot;fade&quot;,&quot;_ha_eqh_enable&quot;:false}\">\n\t\t\t\t\t\t\t<div class=\"elementor-background-overlay\"><\/div>\n\t\t\t\t\t\t\t<div class=\"elementor-container elementor-column-gap-default\">\n\t\t\t\t\t<div class=\"elementor-column elementor-col-100 elementor-top-column elementor-element elementor-element-878551f elementor-invisible\" data-id=\"878551f\" data-element_type=\"column\" data-settings=\"{&quot;animation&quot;:&quot;fadeInLeft&quot;}\">\n\t\t\t<div class=\"elementor-widget-wrap elementor-element-populated\">\n\t\t\t\t\t\t\t\t<div class=\"elementor-element elementor-element-b9751a5 elementor-widget elementor-widget-heading\" data-id=\"b9751a5\" data-element_type=\"widget\" data-widget_type=\"heading.default\">\n\t\t\t\t<div class=\"elementor-widget-container\">\n\t\t\t<h2 class=\"elementor-heading-title elementor-size-default\">TERVETULOA KOTIIN!<\/h2>\t\t<\/div>\n\t\t\t\t<\/div>\n\t\t\t\t<div class=\"elementor-element elementor-element-9d485db elementor-widget elementor-widget-heading\" data-id=\"9d485db\" data-element_type=\"widget\" data-widget_type=\"heading.default\">\n\t\t\t\t<div class=\"elementor-widget-container\">\n\t\t\t<h2 class=\"elementor-heading-title elementor-size-default\">Onko haaveissasi ollut uusi, nykyaikainen ja aikaa kest\u00e4v\u00e4 paritalo?<\/h2>\t\t<\/div>\n\t\t\t\t<\/div>\n\t\t\t\t<div class=\"elementor-element elementor-element-352fe68 elementor-widget-divider--view-line elementor-widget elementor-widget-divider\" data-id=\"352fe68\" data-element_type=\"widget\" data-widget_type=\"divider.default\">\n\t\t\t\t<div class=\"elementor-widget-container\">\n\t\t\t\t\t<div class=\"elementor-divider\">\n\t\t\t<span class=\"elementor-divider-separator\">\n\t\t\t\t\t\t<\/span>\n\t\t<\/div>\n\t\t\t\t<\/div>\n\t\t\t\t<\/div>\n\t\t\t\t<div class=\"elementor-element elementor-element-eed91d1 elementor-widget elementor-widget-heading\" data-id=\"eed91d1\" data-element_type=\"widget\" data-widget_type=\"heading.default\">\n\t\t\t\t<div class=\"elementor-widget-container\">\n\t\t\t<h2 class=\"elementor-heading-title elementor-size-default\">Meid\u00e4n rakentamat kodit ovat tehty huolella, tyylill\u00e4 ja selkeit\u00e4 linjoja kunnioittaen<\/h2>\t\t<\/div>\n\t\t\t\t<\/div>\n\t\t\t\t<div class=\"elementor-element elementor-element-a7a257a elementor-align-center elementor-widget elementor-widget-button\" data-id=\"a7a257a\" data-element_type=\"widget\" data-widget_type=\"button.default\">\n\t\t\t\t<div class=\"elementor-widget-container\">\n\t\t\t\t\t<div class=\"elementor-button-wrapper\">\n\t\t\t<a href=\"https:\/\/www.arvoka.fi\/index.php\/yhteystiedot\/\" class=\"elementor-button-link elementor-button elementor-size-sm\" role=\"button\">\n\t\t\t\t\t\t<span class=\"elementor-button-content-wrapper\">\n\t\t\t\t\t\t<span class=\"elementor-button-text\">OTA YHTEYTT\u00c4<\/span>\n\t\t<\/span>\n\t\t\t\t\t<\/a>\n\t\t<\/div>\n\t\t\t\t<\/div>\n\t\t\t\t<\/div>\n\t\t\t\t\t<\/div>\n\t\t<\/div>\n\t\t\t\t\t\t\t<\/div>\n\t\t<\/section>\n\t\t\t\t<section class=\"elementor-section elementor-top-section elementor-element elementor-element-97c2c8b elementor-section-boxed elementor-section-height-default elementor-section-height-default\" data-id=\"97c2c8b\" data-element_type=\"section\" data-settings=\"{&quot;_ha_eqh_enable&quot;:false}\">\n\t\t\t\t\t\t<div class=\"elementor-container elementor-column-gap-default\">\n\t\t\t\t\t<div class=\"elementor-column elementor-col-100 elementor-top-column elementor-element elementor-element-126060e\" data-id=\"126060e\" data-element_type=\"column\">\n\t\t\t<div class=\"elementor-widget-wrap elementor-element-populated\">\n\t\t\t\t\t\t\t\t<section class=\"elementor-section elementor-inner-section elementor-element elementor-element-20e7905 elementor-section-boxed elementor-section-height-default elementor-section-height-default\" data-id=\"20e7905\" data-element_type=\"section\" data-settings=\"{&quot;_ha_eqh_enable&quot;:false}\">\n\t\t\t\t\t\t<div class=\"elementor-container elementor-column-gap-default\">\n\t\t\t\t\t<div class=\"elementor-column elementor-col-100 elementor-inner-column elementor-element elementor-element-973a8e9\" data-id=\"973a8e9\" data-element_type=\"column\">\n\t\t\t<div class=\"elementor-widget-wrap elementor-element-populated\">\n\t\t\t\t\t\t\t\t<div class=\"elementor-element elementor-element-5cd17cf elementor-widget elementor-widget-image\" data-id=\"5cd17cf\" data-element_type=\"widget\" data-widget_type=\"image.default\">\n\t\t\t\t<div class=\"elementor-widget-container\">\n\t\t\t\t\t\t\t\t\t\t\t\t\t\t\t<img width=\"1000\" height=\"200\" src=\"https:\/\/www.arvoka.fi\/wp-content\/uploads\/2021\/08\/logo.png\" class=\"attachment-large size-large\" alt=\"\" loading=\"lazy\" srcset=\"https:\/\/www.arvoka.fi\/wp-content\/uploads\/2021\/08\/logo.png 1000w, https:\/\/www.arvoka.fi\/wp-content\/uploads\/2021\/08\/logo-300x60.png 300w, https:\/\/www.arvoka.fi\/wp-content\/uploads\/2021\/08\/logo-768x154.png 768w\" sizes=\"(max-width: 1000px) 100vw, 1000px\" \/>\t\t\t\t\t\t\t\t\t\t\t\t\t\t\t<\/div>\n\t\t\t\t<\/div>\n\t\t\t\t<div class=\"elementor-element elementor-element-7a8531f elementor-widget elementor-widget-text-editor\" data-id=\"7a8531f\" data-element_type=\"widget\" data-widget_type=\"text-editor.default\">\n\t\t\t\t<div class=\"elementor-widget-container\">\n\t\t\t\t\t\t\t\t<p>Meid\u00e4n rakentamat kodit ovat tehty huolella, tyylill\u00e4 ja selkeit\u00e4 linjoja kunnioittaen. Lis\u00e4ksi suosimme isoja ikkunoita, koska rakastamme luonnonvaloa. Tyylimme on luonteeltaan skandinaavista: pelkistetty\u00e4 ja ajatonta rakentamista.<\/p><p>Arvoka Ky on korkealaatuisia ja kauniita paritaloja rakentava yritys. Panostamme tilojen avaruuteen ja tasokkaisiin materiaaleihin. Teknisiss\u00e4 ratkaisuissa suosimme turvallisia ja kest\u00e4viksi todettuja menetelmi\u00e4. Asuntojen pohjapiirustukset teemme harkiten ja huolella: emme tee turhia neli\u00f6it\u00e4 vaan kaikki tilat ovat tehok\u00e4yt\u00f6ss\u00e4.<\/p><p>Valaistussuunnitelmassa meille on t\u00e4rke\u00e4\u00e4 erityisesti toimiva yleisvalaistus. Kodin kalusteet valitsemme huolella. Kiinnit\u00e4mme huomiota kalusteiden sijoitteluun ja k\u00e4yt\u00e4nn\u00f6llisyyteen. Lis\u00e4ksi huomioimme kalusteiden yhteensopivuuden asunnon muun v\u00e4rimaailman kanssa.<\/p><p>Meill\u00e4 asuminen on vaivatonta. Luovutamme aina asiakkaillemme kattavan talokansion, jossa on muun muassa talon k\u00e4ytt\u00f6- ja huolto-ohjeita ja tiedot k\u00e4ytetyist\u00e4 sisustusmateriaaleista.<\/p><p>Asunnon ostaminen on iso p\u00e4\u00e4t\u00f6s. Haluamme helpottaa sit\u00e4 palvelemalla asiakkaitamme ensiluokkaisesti kaikissa asunnon ostamiseen liittyviss\u00e4 vaiheissa.<\/p><p>Rakentamamme talot tulevat valmistuttuaan myyntiin <a href=\"https:\/\/www.etuovi.com\/\" target=\"_blank\" rel=\"noopener\">etuovi.com<\/a> -palveluun. Mik\u00e4li haluat tietoja kohteista, jotka eiv\u00e4t ole viel\u00e4 tulleet myyntiin, ota meihin yhteytt\u00e4.<\/p>\t\t\t\t\t\t<\/div>\n\t\t\t\t<\/div>\n\t\t\t\t<div class=\"elementor-element elementor-element-c41457e elementor-align-center elementor-widget elementor-widget-button\" data-id=\"c41457e\" data-element_type=\"widget\" data-widget_type=\"button.default\">\n\t\t\t\t<div class=\"elementor-widget-container\">\n\t\t\t\t\t<div class=\"elementor-button-wrapper\">\n\t\t\t<a href=\"https:\/\/www.arvoka.fi\/index.php\/yhteystiedot\/\" class=\"elementor-button-link elementor-button elementor-size-sm\" role=\"button\">\n\t\t\t\t\t\t<span class=\"elementor-button-content-wrapper\">\n\t\t\t\t\t\t<span class=\"elementor-button-text\">OTA YHTEYTT\u00c4<\/span>\n\t\t<\/span>\n\t\t\t\t\t<\/a>\n\t\t<\/div>\n\t\t\t\t<\/div>\n\t\t\t\t<\/div>\n\t\t\t\t\t<\/div>\n\t\t<\/div>\n\t\t\t\t\t\t\t<\/div>\n\t\t<\/section>\n\t\t\t\t<section class=\"elementor-section elementor-inner-section elementor-element elementor-element-489f65e elementor-section-boxed elementor-section-height-default elementor-section-height-default\" data-id=\"489f65e\" data-element_type=\"section\" data-settings=\"{&quot;_ha_eqh_enable&quot;:false}\">\n\t\t\t\t\t\t<div class=\"elementor-container elementor-column-gap-default\">\n\t\t\t\t\t<div class=\"elementor-column elementor-col-50 elementor-inner-column elementor-element elementor-element-7b18b96\" data-id=\"7b18b96\" data-element_type=\"column\">\n\t\t\t<div class=\"elementor-widget-wrap elementor-element-populated\">\n\t\t\t\t\t\t\t\t<div class=\"elementor-element elementor-element-0d8da7e elementor-widget elementor-widget-image\" data-id=\"0d8da7e\" data-element_type=\"widget\" data-widget_type=\"image.default\">\n\t\t\t\t<div class=\"elementor-widget-container\">\n\t\t\t\t\t\t\t\t\t\t\t\t\t\t\t<img width=\"1024\" height=\"682\" src=\"https:\/\/www.arvoka.fi\/wp-content\/uploads\/2021\/08\/60deacb9-3b55-4cea-9688-cb23ad50bbd9-1024x682.jpg\" class=\"attachment-large size-large\" alt=\"\" loading=\"lazy\" srcset=\"https:\/\/www.arvoka.fi\/wp-content\/uploads\/2021\/08\/60deacb9-3b55-4cea-9688-cb23ad50bbd9-1024x682.jpg 1024w, https:\/\/www.arvoka.fi\/wp-content\/uploads\/2021\/08\/60deacb9-3b55-4cea-9688-cb23ad50bbd9-300x200.jpg 300w, https:\/\/www.arvoka.fi\/wp-content\/uploads\/2021\/08\/60deacb9-3b55-4cea-9688-cb23ad50bbd9-768x512.jpg 768w, https:\/\/www.arvoka.fi\/wp-content\/uploads\/2021\/08\/60deacb9-3b55-4cea-9688-cb23ad50bbd9.jpg 1280w\" sizes=\"(max-width: 1024px) 100vw, 1024px\" \/>\t\t\t\t\t\t\t\t\t\t\t\t\t\t\t<\/div>\n\t\t\t\t<\/div>\n\t\t\t\t\t<\/div>\n\t\t<\/div>\n\t\t\t\t<div class=\"elementor-column elementor-col-50 elementor-inner-column elementor-element elementor-element-8334836\" data-id=\"8334836\" data-element_type=\"column\">\n\t\t\t<div class=\"elementor-widget-wrap elementor-element-populated\">\n\t\t\t\t\t\t\t\t<div class=\"elementor-element elementor-element-ab6456a elementor-widget elementor-widget-heading\" data-id=\"ab6456a\" data-element_type=\"widget\" data-widget_type=\"heading.default\">\n\t\t\t\t<div class=\"elementor-widget-container\">\n\t\t\t<h2 class=\"elementor-heading-title elementor-size-default\">Galleria<\/h2>\t\t<\/div>\n\t\t\t\t<\/div>\n\t\t\t\t<div class=\"elementor-element elementor-element-0360b6b elementor-widget elementor-widget-text-editor\" data-id=\"0360b6b\" data-element_type=\"widget\" data-widget_type=\"text-editor.default\">\n\t\t\t\t<div class=\"elementor-widget-container\">\n\t\t\t\t\t\t\t\t<p>Tutustu kohteisiin kuvien avulla.<\/p>\t\t\t\t\t\t<\/div>\n\t\t\t\t<\/div>\n\t\t\t\t<div class=\"elementor-element elementor-element-bd4d7bf elementor-widget elementor-widget-button\" data-id=\"bd4d7bf\" data-element_type=\"widget\" data-widget_type=\"button.default\">\n\t\t\t\t<div class=\"elementor-widget-container\">\n\t\t\t\t\t<div class=\"elementor-button-wrapper\">\n\t\t\t<a href=\"https:\/\/www.arvoka.fi\/index.php\/galleria\/\" class=\"elementor-button-link elementor-button elementor-size-sm\" role=\"button\">\n\t\t\t\t\t\t<span class=\"elementor-button-content-wrapper\">\n\t\t\t\t\t\t<span class=\"elementor-button-text\">Lue lis\u00e4\u00e4<\/span>\n\t\t<\/span>\n\t\t\t\t\t<\/a>\n\t\t<\/div>\n\t\t\t\t<\/div>\n\t\t\t\t<\/div>\n\t\t\t\t\t<\/div>\n\t\t<\/div>\n\t\t\t\t\t\t\t<\/div>\n\t\t<\/section>\n\t\t\t\t<section class=\"elementor-section elementor-inner-section elementor-element elementor-element-6043ae2 elementor-reverse-mobile elementor-section-boxed elementor-section-height-default elementor-section-height-default\" data-id=\"6043ae2\" data-element_type=\"section\" data-settings=\"{&quot;_ha_eqh_enable&quot;:false}\">\n\t\t\t\t\t\t<div class=\"elementor-container elementor-column-gap-default\">\n\t\t\t\t\t<div class=\"elementor-column elementor-col-50 elementor-inner-column elementor-element elementor-element-43a33ac\" data-id=\"43a33ac\" data-element_type=\"column\">\n\t\t\t<div class=\"elementor-widget-wrap elementor-element-populated\">\n\t\t\t\t\t\t\t\t<div class=\"elementor-element elementor-element-9b067ed elementor-widget elementor-widget-heading\" data-id=\"9b067ed\" data-element_type=\"widget\" data-widget_type=\"heading.default\">\n\t\t\t\t<div class=\"elementor-widget-container\">\n\t\t\t<h2 class=\"elementor-heading-title elementor-size-default\">Yhteystiedot<\/h2>\t\t<\/div>\n\t\t\t\t<\/div>\n\t\t\t\t<div class=\"elementor-element elementor-element-811934b elementor-widget elementor-widget-text-editor\" data-id=\"811934b\" data-element_type=\"widget\" data-widget_type=\"text-editor.default\">\n\t\t\t\t<div class=\"elementor-widget-container\">\n\t\t\t\t\t\t\t\t<p>Ota yhteytt\u00e4 puhelimella, s\u00e4hk\u00f6postilla tai lomakkeella.<\/p>\t\t\t\t\t\t<\/div>\n\t\t\t\t<\/div>\n\t\t\t\t<div class=\"elementor-element elementor-element-88af8f2 elementor-widget elementor-widget-button\" data-id=\"88af8f2\" data-element_type=\"widget\" data-widget_type=\"button.default\">\n\t\t\t\t<div class=\"elementor-widget-container\">\n\t\t\t\t\t<div class=\"elementor-button-wrapper\">\n\t\t\t<a href=\"https:\/\/www.arvoka.fi\/index.php\/yhteystiedot\/\" class=\"elementor-button-link elementor-button elementor-size-sm\" role=\"button\">\n\t\t\t\t\t\t<span class=\"elementor-button-content-wrapper\">\n\t\t\t\t\t\t<span class=\"elementor-button-text\">Lue lis\u00e4\u00e4<\/span>\n\t\t<\/span>\n\t\t\t\t\t<\/a>\n\t\t<\/div>\n\t\t\t\t<\/div>\n\t\t\t\t<\/div>\n\t\t\t\t\t<\/div>\n\t\t<\/div>\n\t\t\t\t<div class=\"elementor-column elementor-col-50 elementor-inner-column elementor-element elementor-element-96e81ca\" data-id=\"96e81ca\" data-element_type=\"column\">\n\t\t\t<div class=\"elementor-widget-wrap elementor-element-populated\">\n\t\t\t\t\t\t\t\t<div class=\"elementor-element elementor-element-b0db5c8 elementor-widget elementor-widget-image\" data-id=\"b0db5c8\" data-element_type=\"widget\" data-widget_type=\"image.default\">\n\t\t\t\t<div class=\"elementor-widget-container\">\n\t\t\t\t\t\t\t\t\t\t\t\t\t\t\t<img width=\"1024\" height=\"575\" src=\"https:\/\/www.arvoka.fi\/wp-content\/uploads\/2021\/08\/DJI_0931-1024x575.jpg\" class=\"attachment-large size-large\" alt=\"\" loading=\"lazy\" srcset=\"https:\/\/www.arvoka.fi\/wp-content\/uploads\/2021\/08\/DJI_0931-1024x575.jpg 1024w, https:\/\/www.arvoka.fi\/wp-content\/uploads\/2021\/08\/DJI_0931-300x169.jpg 300w, https:\/\/www.arvoka.fi\/wp-content\/uploads\/2021\/08\/DJI_0931-768x431.jpg 768w, https:\/\/www.arvoka.fi\/wp-content\/uploads\/2021\/08\/DJI_0931-1536x863.jpg 1536w, https:\/\/www.arvoka.fi\/wp-content\/uploads\/2021\/08\/DJI_0931.jpg 1800w\" sizes=\"(max-width: 1024px) 100vw, 1024px\" \/>\t\t\t\t\t\t\t\t\t\t\t\t\t\t\t<\/div>\n\t\t\t\t<\/div>\n\t\t\t\t\t<\/div>\n\t\t<\/div>\n\t\t\t\t\t\t\t<\/div>\n\t\t<\/section>\n\t\t\t\t\t<\/div>\n\t\t<\/div>\n\t\t\t\t\t\t\t<\/div>\n\t\t<\/section>\n\t\t\t\t\t\t<\/div>\n\t\t\t\t\t<\/div>\n\t\t","protected":false},"excerpt":{"rendered":"<p>TERVETULOA KOTIIN! Onko haaveissasi ollut uusi, nykyaikainen ja aikaa kest\u00e4v\u00e4 paritalo? Meid\u00e4n rakentamat kodit ovat tehty huolella, tyylill\u00e4 ja selkeit\u00e4 linjoja kunnioittaen OTA YHTEYTT\u00c4 Meid\u00e4n rakentamat kodit ovat tehty huolella, tyylill\u00e4 ja selkeit\u00e4 linjoja kunnioittaen. Lis\u00e4ksi suosimme isoja ikkunoita, koska rakastamme luonnonvaloa. Tyylimme on luonteeltaan skandinaavista: pelkistetty\u00e4 ja ajatonta rakentamista. Arvoka Ky on korkealaatuisia ja [&hellip;]<\/p>\n","protected":false},"author":1,"featured_media":0,"parent":0,"menu_order":0,"comment_status":"closed","ping_status":"closed","template":"elementor_header_footer","meta":[],"_links":{"self":[{"href":"https:\/\/www.arvoka.fi\/index.php\/wp-json\/wp\/v2\/pages\/15"}],"collection":[{"href":"https:\/\/www.arvoka.fi\/index.php\/wp-json\/wp\/v2\/pages"}],"about":[{"href":"https:\/\/www.arvoka.fi\/index.php\/wp-json\/wp\/v2\/types\/page"}],"author":[{"embeddable":true,"href":"https:\/\/www.arvoka.fi\/index.php\/wp-json\/wp\/v2\/users\/1"}],"replies":[{"embeddable":true,"href":"https:\/\/www.arvoka.fi\/index.php\/wp-json\/wp\/v2\/comments?post=15"}],"version-history":[{"count":76,"href":"https:\/\/www.arvoka.fi\/index.php\/wp-json\/wp\/v2\/pages\/15\/revisions"}],"predecessor-version":[{"id":237,"href":"https:\/\/www.arvoka.fi\/index.php\/wp-json\/wp\/v2\/pages\/15\/revisions\/237"}],"wp:attachment":[{"href":"https:\/\/www.arvoka.fi\/index.php\/wp-json\/wp\/v2\/media?parent=15"}],"curies":[{"name":"wp","href":"https:\/\/api.w.org\/{rel}","templated":true}]}}